{"id":24463,"date":"2019-07-15T13:04:55","date_gmt":"2019-07-15T13:04:55","guid":{"rendered":"https:\/\/www.nosenviesdeco.fr\/blog\/?page_id=24463"},"modified":"2019-09-03T12:22:55","modified_gmt":"2019-09-03T12:22:55","slug":"album","status":"publish","type":"page","link":"https:\/\/www.nosenviesdeco.fr\/blog\/album\/","title":{"rendered":"Ma d\u00e9co @moi"},"content":{"rendered":"<p style=\"text-align: justify;\"><strong><span style=\"color: #e57775;\">MA D\u00c9CO @MOI<\/span><\/strong>, c&rsquo;est un <strong>portfolio<\/strong> de toutes vos <strong>photos<\/strong> de <strong>d\u00e9corations<\/strong> fabuleuses !<\/p>\n<p style=\"text-align: justify;\">Fa\u00eetes-nous <strong>r\u00eaver<\/strong>, en nous envoyant une photo de votre cocon avec un ou plusieurs <strong>produits<\/strong> achet\u00e9 sur Nos Envies D\u00e9co.<\/p>\n<p style=\"text-align: justify;\">De votre salon \u00e0 votre salle-de-bain, en passant par la chambre, la cuisine ou encore la salle-\u00e0-manger, toutes vos d\u00e9corations nous int\u00e9ressent !<\/p>\n<p style=\"text-align: justify;\">En grand angle, ou en focus sur un coin tr\u00e8s particulier, partagez-nous la <strong>photo<\/strong> de votre lieu de bien-\u00eatre.<\/p>\n<p style=\"text-align: justify;\">Vous avez craqu\u00e9 sur une console, un buffet, un cadre, une table, des rideaux, une commode, une horloge, des bougies &#8230; Quel qu&rsquo;ai(en)t \u00e9t\u00e9 votre (ou vos !) coup(s) de c\u0153ur sur notre site, fa\u00eetes-nous partager vos merveilles.<\/p>\n<p style=\"text-align: justify;\">Grande maison ou petit appartement, l&rsquo;<strong>album<\/strong> accueillera votre photo dans son p\u00eale-m\u00eale.<\/p>\n<p>&nbsp;<\/p>\n<div id=\"grid-gallery-3-48985\" data-gg-id=\"3\" data-title=\"Ma d\u00e9co @moi\" data-grid-type=\"1\" data-offset=\"50.3\" data-area-position=\"center\" data-icons=\"false\" data-preloader=\"true\" data-width=\"215\" data-height=\"\" data-padding=\"0\" data-quicksand=\"disabled\" data-quicksand-duration=\"none\" data-popup-theme=\"theme_6\" data-popup-type=\"pretty-photo\" data-popup-image-text=\"data-caption\" data-popup-widthsize=\"auto\" data-popup-heightsize=\"auto\" data-popup-i18n-words=\"{&quot;close&quot;:&quot;fermer&quot;,&quot;next&quot;:&quot;suivant&quot;,&quot;previous&quot;:&quot;pr\\u00e9c\\u00e9dent&quot;,&quot;start_slideshow&quot;:&quot;d\\u00e9marrer le diaporama&quot;,&quot;stop_slideshow&quot;:&quot;arr\\u00e9ter le diaporama&quot;,&quot;image&quot;:&quot;image&quot;,&quot;of&quot;:&quot;de&quot;,&quot;prev&quot;:&quot;pr\\u00e9c.&quot;,&quot;cExpand&quot;:&quot;Agrandir&quot;,&quot;cPrevious&quot;:&quot;Pr\\u00e9c\\u00e9dent&quot;,&quot;cNext&quot;:&quot;Suivant&quot;,&quot;cExpandStr&quot;:&quot;Agrandir l&#039;image&quot;,&quot;cRotate&quot;:&quot;Pivoter&quot;,&quot;cDetails&quot;:&quot;Details&quot;}\" data-popup-slideshow=\"false\" data-popup-slideshow-speed=\"2500\" data-popup-hoverstop=\"true\" data-popup-slideshow-auto=\"false\" data-popup-background=\"\" data-popup-transparency=\"30\" data-popup-disable-history=\"\" data-popup-disable-changed-url=\"\" data-popup-border-type=\"solid\" data-popup-border-color=\"\" data-popup-border-width=\"\" data-popup-border-enable=\"\" data-fullscreen=\"false\" data-hide-tooltip=\"false\" data-caption-font-family=\"Default\" data-caption-text-size=\"14px\" data-is-mobile=\"0\" data-caption-mobile=\"false\" data-hide-long-tltp-title=\"0\" data-caption-disabled-on-mobile=\"false\" data-lazyload-enable='1' data-lazyload-effect=\"show\" data-lazyload-effect-duration=\"400\" data-polaroid-animation=\"true\" data-polaroid-scattering=\"true\" data-polaroid-frame-width=\"20\" data-thumb-overlay-personal=\"1\" data-popup-placement-type=\"0\" data-social-sharing=\"{&quot;enabled&quot;:&quot;&quot;,&quot;gallerySharing&quot;:{&quot;enabled&quot;:null,&quot;position&quot;:null},&quot;imageSharing&quot;:{&quot;enabled&quot;:null,&quot;wrapperClass&quot;:&quot; vertical \\n &quot;},&quot;popupSharing&quot;:{&quot;enabled&quot;:null,&quot;wrapperClass&quot;:&quot; vertical \\n &quot;}}\" class=\"grid-gallery grid-gallery-fluid-height \" style=\" width:100%; height:auto ; margin-left:auto; margin-right:auto; position:relative;\" > <div class=\"gallery-loading\"> <div class=\"blocks\"> <div class=\"block\"><\/div> <div class=\"block\"><\/div> <div class=\"block\"><\/div> <div class=\"block\"><\/div> <\/div> <\/div> <div class=\"gallery-sharing-top\"><\/div> <div id=\"photos-3\" class=\"grid-gallery-photos \" > <a id=\"gg-3-19\" class=\"gg-link \" data-attachment-id=\"45580\" href=\"https:\/\/www.nosenviesdeco.fr\/tipi-enfant\/14846-1433-tipi-deco-enfant.html#\/5-couleur-gris\" target=\"_blank\" title=\"IMG_20190127_210812_662\" rel=\"\" data-type=\"link\" style=\"border-radius: 0px;\" ><FIGURE class=\"grid-gallery-caption \" data-grid-gallery-type=\"polaroid\" data-index=\"0\" style=\"display:none;border: 1px solid #8e8e8e; border-radius: 0px; box-shadow: 0px 4px 15px #000000; ; margin: 50.3px; width:215px;\" ><div class=\"crop \" style=\" \"><img decoding=\"async\" data-gg-real-image-href=\"https:\/\/www.nosenviesdeco.fr\/blog\/wp-content\/uploads\/2019\/08\/IMG_20190127_210812_662-215x287.jpg\" src=\"https:\/\/www.nosenviesdeco.fr\/blog\/wp-content\/plugins\/gallery-by-supsystic\/src\/GridGallery\/Galleries\/assets\/img\/loading.gif\" class=\"ggImg ggLazyImg\" alt=\"d\u00e9co-chambre-enfant\" title=\"IMG_20190127_210812_662\" data-description=\"IMG_20190127_210812_662\" data-caption=\"@lm_1980\" data-title=\"IMG_20190127_210812_662\" style=\" width:215px; \" \/><\/div><FIGCAPTION class=\"\" data-alpha=\"0\" style=\"color:#000000; background-color:#ffffff; font-size:14px; text-align:left; font-family:Default;\" ><div class=\"grid-gallery-figcaption-wrap\" style=\" vertical-align:top; \"><div class=\"gg-image-caption fitvidsignore \" style=\"font-size:14px;\"><object type=\"none\/none\"> @lm_1980 <\/object><\/div><\/div><\/FIGCAPTION><\/FIGURE><\/a> <a id=\"gg-3-20\" class=\"gg-link \" data-attachment-id=\"45582\" href=\"https:\/\/www.nosenviesdeco.fr\/bougie-parfumee\/12343-184-bougie-parfumee.html#\/49-senteur-douceur_de_coton\/102-diametre-8_cm\" target=\"_blank\" title=\"IMG_20190224_213409_119\" rel=\"\" data-type=\"link\" style=\"border-radius: 0px;\" ><FIGURE class=\"grid-gallery-caption \" data-grid-gallery-type=\"polaroid\" data-index=\"1\" style=\"display:none;border: 1px solid #8e8e8e; border-radius: 0px; box-shadow: 0px 4px 15px #000000; ; margin: 50.3px; width:215px;\" ><div class=\"crop \" style=\" \"><img decoding=\"async\" data-gg-real-image-href=\"https:\/\/www.nosenviesdeco.fr\/blog\/wp-content\/uploads\/2019\/08\/IMG_20190224_213409_119-215x161.jpg\" src=\"https:\/\/www.nosenviesdeco.fr\/blog\/wp-content\/plugins\/gallery-by-supsystic\/src\/GridGallery\/Galleries\/assets\/img\/loading.gif\" class=\"ggImg ggLazyImg\" alt=\"d\u00e9coration-moderne-industriel\" title=\"IMG_20190224_213409_119\" data-description=\"IMG_20190224_213409_119\" data-caption=\"blondiiie_22\" data-title=\"IMG_20190224_213409_119\" style=\" width:215px; \" \/><\/div><FIGCAPTION class=\"\" data-alpha=\"0\" style=\"color:#000000; background-color:#ffffff; font-size:14px; text-align:left; font-family:Default;\" ><div class=\"grid-gallery-figcaption-wrap\" style=\" vertical-align:top; \"><div class=\"gg-image-caption fitvidsignore \" style=\"font-size:14px;\"><object type=\"none\/none\"> blondiiie_22 <\/object><\/div><\/div><\/FIGCAPTION><\/FIGURE><\/a> <a id=\"gg-3-23\" class=\"gg-link \" data-attachment-id=\"54583\" href=\"https:\/\/www.nosenviesdeco.fr\/blog\/wp-content\/uploads\/2019\/09\/IMG_3027-e1568284740395.jpg?gid=3\" target=\"_self\" title=\"IMG_3027\" data-rel=\"prettyPhoto[pp_gal]\" style=\"border-radius: 0px;\" ><FIGURE class=\"grid-gallery-caption \" data-grid-gallery-type=\"polaroid\" data-index=\"2\" style=\"display:none;border: 1px solid #8e8e8e; border-radius: 0px; box-shadow: 0px 4px 15px #000000; ; margin: 50.3px; width:215px;\" ><div class=\"crop \" style=\" \"><img decoding=\"async\" data-gg-real-image-href=\"https:\/\/www.nosenviesdeco.fr\/blog\/wp-content\/uploads\/2019\/09\/IMG_3027-e1568284740395-215x287.jpg\" src=\"https:\/\/www.nosenviesdeco.fr\/blog\/wp-content\/plugins\/gallery-by-supsystic\/src\/GridGallery\/Galleries\/assets\/img\/loading.gif\" class=\"ggImg ggLazyImg\" alt=\"d\u00e9coration-moderne-console-m\u00e9tal\" title=\"IMG_3027\" data-description=\"IMG_3027\" data-caption=\"lauraty27\" data-title=\"IMG_3027\" style=\" width:215px; \" \/><\/div><FIGCAPTION class=\"\" data-alpha=\"0\" style=\"color:#000000; background-color:#ffffff; font-size:14px; text-align:left; font-family:Default;\" ><div class=\"grid-gallery-figcaption-wrap\" style=\" vertical-align:top; \"><div class=\"gg-image-caption fitvidsignore \" style=\"font-size:14px;\"><object type=\"none\/none\"> lauraty27 <\/object><\/div><\/div><\/FIGCAPTION><\/FIGURE><\/a> <a id=\"gg-3-22\" class=\"gg-link \" data-attachment-id=\"54611\" href=\"https:\/\/www.nosenviesdeco.fr\/blog\/wp-content\/uploads\/2019\/09\/IMG-8448-1.jpg?gid=3\" target=\"_self\" title=\"IMG-8448\" data-rel=\"prettyPhoto[pp_gal]\" style=\"border-radius: 0px;\" ><FIGURE class=\"grid-gallery-caption \" data-grid-gallery-type=\"polaroid\" data-index=\"3\" style=\"display:none;border: 1px solid #8e8e8e; border-radius: 0px; box-shadow: 0px 4px 15px #000000; ; margin: 50.3px; width:215px;\" ><div class=\"crop \" style=\" \"><img decoding=\"async\" data-gg-real-image-href=\"https:\/\/www.nosenviesdeco.fr\/blog\/wp-content\/uploads\/2019\/09\/IMG-8448-1-215x161.jpg\" src=\"https:\/\/www.nosenviesdeco.fr\/blog\/wp-content\/plugins\/gallery-by-supsystic\/src\/GridGallery\/Galleries\/assets\/img\/loading.gif\" class=\"ggImg ggLazyImg\" alt=\"d\u00e9coration-moderne-bois-salle-\u00e0-manger-cuisine\" title=\"IMG-8448\" data-description=\"IMG-8448\" data-caption=\"@elodb_39\" data-title=\"IMG-8448\" style=\" width:215px; \" \/><\/div><FIGCAPTION class=\"\" data-alpha=\"0\" style=\"color:#000000; background-color:#ffffff; font-size:14px; text-align:left; font-family:Default;\" ><div class=\"grid-gallery-figcaption-wrap\" style=\" vertical-align:top; \"><div class=\"gg-image-caption fitvidsignore \" style=\"font-size:14px;\"><object type=\"none\/none\"> @elodb_39 <\/object><\/div><\/div><\/FIGCAPTION><\/FIGURE><\/a> <div class=\"grid-gallery-clearfix\"><\/div> <\/div> <div class=\"gallery-sharing-bottom\"><\/div> <div class=\"grid-gallery-clearfix\"><\/div> <\/div> <!-- Gallery by Supsystic plugin 1.15.12 -->\n","protected":false},"excerpt":{"rendered":"<p>MA D\u00c9CO @MOI, c&rsquo;est un portfolio de toutes vos photos de d\u00e9corations fabuleuses ! Fa\u00eetes-nous r\u00eaver, en nous envoyant une photo de votre cocon avec un ou plusieurs produits achet\u00e9 sur Nos Envies D\u00e9co. De votre salon \u00e0 votre salle-de-bain,<\/p>\n","protected":false},"author":2,"featured_media":0,"parent":0,"menu_order":0,"comment_status":"closed","ping_status":"closed","template":"","meta":{"footnotes":""},"yoast_head":"<!-- This site is optimized with the Yoast SEO plugin v20.4 - https:\/\/yoast.com\/wordpress\/plugins\/seo\/ -->\n<title>Ma d\u00e9co @moi : C&#039;est la photo de votre d\u00e9co&#039; dans notre album en ligne !<\/title>\n<meta name=\"description\" content=\"Venez ajouter VOTRE id\u00e9e \u00e0 notre portofolio en nous envoyant la photo de votre d\u00e9co&#039; avec un produit de Nos Envies D\u00e9co. Un album enti\u00e8rement pour vous !\" \/>\n<meta name=\"robots\" content=\"index, follow, max-snippet:-1, max-image-preview:large, max-video-preview:-1\" \/>\n<link rel=\"canonical\" href=\"https:\/\/www.nosenviesdeco.fr\/blog\/album\/\" \/>\n<meta property=\"og:locale\" content=\"fr_FR\" \/>\n<meta property=\"og:type\" content=\"article\" \/>\n<meta property=\"og:title\" content=\"Ma d\u00e9co @moi : C&#039;est la photo de votre d\u00e9co&#039; dans notre album en ligne !\" \/>\n<meta property=\"og:description\" content=\"Venez ajouter VOTRE id\u00e9e \u00e0 notre portofolio en nous envoyant la photo de votre d\u00e9co&#039; avec un produit de Nos Envies D\u00e9co. Un album enti\u00e8rement pour vous !\" \/>\n<meta property=\"og:url\" content=\"https:\/\/www.nosenviesdeco.fr\/blog\/album\/\" \/>\n<meta property=\"article:publisher\" content=\"https:\/\/www.facebook.com\/nosenviesdeco\/\" \/>\n<meta property=\"article:modified_time\" content=\"2019-09-03T12:22:55+00:00\" \/>\n<meta name=\"twitter:card\" content=\"summary_large_image\" \/>\n<meta name=\"twitter:label1\" content=\"Dur\u00e9e de lecture estim\u00e9e\" \/>\n\t<meta name=\"twitter:data1\" content=\"1 minute\" \/>\n<script type=\"application\/ld+json\" class=\"yoast-schema-graph\">{\"@context\":\"https:\/\/schema.org\",\"@graph\":[{\"@type\":\"WebPage\",\"@id\":\"https:\/\/www.nosenviesdeco.fr\/blog\/album\/\",\"url\":\"https:\/\/www.nosenviesdeco.fr\/blog\/album\/\",\"name\":\"Ma d\u00e9co @moi : C'est la photo de votre d\u00e9co' dans notre album en ligne !\",\"isPartOf\":{\"@id\":\"https:\/\/www.nosenviesdeco.fr\/blog\/#website\"},\"datePublished\":\"2019-07-15T13:04:55+00:00\",\"dateModified\":\"2019-09-03T12:22:55+00:00\",\"description\":\"Venez ajouter VOTRE id\u00e9e \u00e0 notre portofolio en nous envoyant la photo de votre d\u00e9co' avec un produit de Nos Envies D\u00e9co. Un album enti\u00e8rement pour vous !\",\"breadcrumb\":{\"@id\":\"https:\/\/www.nosenviesdeco.fr\/blog\/album\/#breadcrumb\"},\"inLanguage\":\"fr-FR\",\"potentialAction\":[{\"@type\":\"ReadAction\",\"target\":[\"https:\/\/www.nosenviesdeco.fr\/blog\/album\/\"]}]},{\"@type\":\"BreadcrumbList\",\"@id\":\"https:\/\/www.nosenviesdeco.fr\/blog\/album\/#breadcrumb\",\"itemListElement\":[{\"@type\":\"ListItem\",\"position\":1,\"name\":\"Accueil\",\"item\":\"https:\/\/www.nosenviesdeco.fr\/blog\/\"},{\"@type\":\"ListItem\",\"position\":2,\"name\":\"Ma d\u00e9co @moi\"}]},{\"@type\":\"WebSite\",\"@id\":\"https:\/\/www.nosenviesdeco.fr\/blog\/#website\",\"url\":\"https:\/\/www.nosenviesdeco.fr\/blog\/\",\"name\":\"\",\"description\":\"\",\"publisher\":{\"@id\":\"https:\/\/www.nosenviesdeco.fr\/blog\/#organization\"},\"potentialAction\":[{\"@type\":\"SearchAction\",\"target\":{\"@type\":\"EntryPoint\",\"urlTemplate\":\"https:\/\/www.nosenviesdeco.fr\/blog\/?s={search_term_string}\"},\"query-input\":\"required name=search_term_string\"}],\"inLanguage\":\"fr-FR\"},{\"@type\":\"Organization\",\"@id\":\"https:\/\/www.nosenviesdeco.fr\/blog\/#organization\",\"name\":\"Nosenviesdeco.fr\",\"url\":\"https:\/\/www.nosenviesdeco.fr\/blog\/\",\"logo\":{\"@type\":\"ImageObject\",\"inLanguage\":\"fr-FR\",\"@id\":\"https:\/\/www.nosenviesdeco.fr\/blog\/#\/schema\/logo\/image\/\",\"url\":\"https:\/\/www.nosenviesdeco.fr\/blog\/wp-content\/uploads\/2019\/09\/cropped-logo-blog-ned.png\",\"contentUrl\":\"https:\/\/www.nosenviesdeco.fr\/blog\/wp-content\/uploads\/2019\/09\/cropped-logo-blog-ned.png\",\"width\":484,\"height\":102,\"caption\":\"Nosenviesdeco.fr\"},\"image\":{\"@id\":\"https:\/\/www.nosenviesdeco.fr\/blog\/#\/schema\/logo\/image\/\"},\"sameAs\":[\"https:\/\/www.facebook.com\/nosenviesdeco\/\",\"https:\/\/www.instagram.com\/nosenviesdeco.fr\/\"]}]}<\/script>\n<!-- \/ Yoast SEO plugin. -->","yoast_head_json":{"title":"Ma d\u00e9co @moi : C'est la photo de votre d\u00e9co' dans notre album en ligne !","description":"Venez ajouter VOTRE id\u00e9e \u00e0 notre portofolio en nous envoyant la photo de votre d\u00e9co' avec un produit de Nos Envies D\u00e9co. Un album enti\u00e8rement pour vous !","robots":{"index":"index","follow":"follow","max-snippet":"max-snippet:-1","max-image-preview":"max-image-preview:large","max-video-preview":"max-video-preview:-1"},"canonical":"https:\/\/www.nosenviesdeco.fr\/blog\/album\/","og_locale":"fr_FR","og_type":"article","og_title":"Ma d\u00e9co @moi : C'est la photo de votre d\u00e9co' dans notre album en ligne !","og_description":"Venez ajouter VOTRE id\u00e9e \u00e0 notre portofolio en nous envoyant la photo de votre d\u00e9co' avec un produit de Nos Envies D\u00e9co. Un album enti\u00e8rement pour vous !","og_url":"https:\/\/www.nosenviesdeco.fr\/blog\/album\/","article_publisher":"https:\/\/www.facebook.com\/nosenviesdeco\/","article_modified_time":"2019-09-03T12:22:55+00:00","twitter_card":"summary_large_image","twitter_misc":{"Dur\u00e9e de lecture estim\u00e9e":"1 minute"},"schema":{"@context":"https:\/\/schema.org","@graph":[{"@type":"WebPage","@id":"https:\/\/www.nosenviesdeco.fr\/blog\/album\/","url":"https:\/\/www.nosenviesdeco.fr\/blog\/album\/","name":"Ma d\u00e9co @moi : C'est la photo de votre d\u00e9co' dans notre album en ligne !","isPartOf":{"@id":"https:\/\/www.nosenviesdeco.fr\/blog\/#website"},"datePublished":"2019-07-15T13:04:55+00:00","dateModified":"2019-09-03T12:22:55+00:00","description":"Venez ajouter VOTRE id\u00e9e \u00e0 notre portofolio en nous envoyant la photo de votre d\u00e9co' avec un produit de Nos Envies D\u00e9co. Un album enti\u00e8rement pour vous !","breadcrumb":{"@id":"https:\/\/www.nosenviesdeco.fr\/blog\/album\/#breadcrumb"},"inLanguage":"fr-FR","potentialAction":[{"@type":"ReadAction","target":["https:\/\/www.nosenviesdeco.fr\/blog\/album\/"]}]},{"@type":"BreadcrumbList","@id":"https:\/\/www.nosenviesdeco.fr\/blog\/album\/#breadcrumb","itemListElement":[{"@type":"ListItem","position":1,"name":"Accueil","item":"https:\/\/www.nosenviesdeco.fr\/blog\/"},{"@type":"ListItem","position":2,"name":"Ma d\u00e9co @moi"}]},{"@type":"WebSite","@id":"https:\/\/www.nosenviesdeco.fr\/blog\/#website","url":"https:\/\/www.nosenviesdeco.fr\/blog\/","name":"","description":"","publisher":{"@id":"https:\/\/www.nosenviesdeco.fr\/blog\/#organization"},"potentialAction":[{"@type":"SearchAction","target":{"@type":"EntryPoint","urlTemplate":"https:\/\/www.nosenviesdeco.fr\/blog\/?s={search_term_string}"},"query-input":"required name=search_term_string"}],"inLanguage":"fr-FR"},{"@type":"Organization","@id":"https:\/\/www.nosenviesdeco.fr\/blog\/#organization","name":"Nosenviesdeco.fr","url":"https:\/\/www.nosenviesdeco.fr\/blog\/","logo":{"@type":"ImageObject","inLanguage":"fr-FR","@id":"https:\/\/www.nosenviesdeco.fr\/blog\/#\/schema\/logo\/image\/","url":"https:\/\/www.nosenviesdeco.fr\/blog\/wp-content\/uploads\/2019\/09\/cropped-logo-blog-ned.png","contentUrl":"https:\/\/www.nosenviesdeco.fr\/blog\/wp-content\/uploads\/2019\/09\/cropped-logo-blog-ned.png","width":484,"height":102,"caption":"Nosenviesdeco.fr"},"image":{"@id":"https:\/\/www.nosenviesdeco.fr\/blog\/#\/schema\/logo\/image\/"},"sameAs":["https:\/\/www.facebook.com\/nosenviesdeco\/","https:\/\/www.instagram.com\/nosenviesdeco.fr\/"]}]}},"_links":{"self":[{"href":"https:\/\/www.nosenviesdeco.fr\/blog\/wp-json\/wp\/v2\/pages\/24463"}],"collection":[{"href":"https:\/\/www.nosenviesdeco.fr\/blog\/wp-json\/wp\/v2\/pages"}],"about":[{"href":"https:\/\/www.nosenviesdeco.fr\/blog\/wp-json\/wp\/v2\/types\/page"}],"author":[{"embeddable":true,"href":"https:\/\/www.nosenviesdeco.fr\/blog\/wp-json\/wp\/v2\/users\/2"}],"replies":[{"embeddable":true,"href":"https:\/\/www.nosenviesdeco.fr\/blog\/wp-json\/wp\/v2\/comments?post=24463"}],"version-history":[{"count":7,"href":"https:\/\/www.nosenviesdeco.fr\/blog\/wp-json\/wp\/v2\/pages\/24463\/revisions"}],"predecessor-version":[{"id":50018,"href":"https:\/\/www.nosenviesdeco.fr\/blog\/wp-json\/wp\/v2\/pages\/24463\/revisions\/50018"}],"wp:attachment":[{"href":"https:\/\/www.nosenviesdeco.fr\/blog\/wp-json\/wp\/v2\/media?parent=24463"}],"curies":[{"name":"wp","href":"https:\/\/api.w.org\/{rel}","templated":true}]}}