{"id":24531,"date":"2019-07-15T13:10:15","date_gmt":"2019-07-15T13:10:15","guid":{"rendered":"https:\/\/www.nosenviesdeco.fr\/blog\/?page_id=24531"},"modified":"2019-09-12T08:05:44","modified_gmt":"2019-09-12T08:05:44","slug":"code-promo","status":"publish","type":"page","link":"https:\/\/www.nosenviesdeco.fr\/blog\/code-promo\/","title":{"rendered":"Objectif : Photo Canon \u00ae !"},"content":{"rendered":"<p style=\"text-align: justify;\">Et s&rsquo;il existait un <strong>bonheur<\/strong> sans fin, un <strong>jeu concours<\/strong> sans limite, vous permettant de <strong>gagner<\/strong> non pas une seule fois &#8230; Mais tous les mois ?!<\/p>\n<p style=\"text-align: justify;\">Il semblerait que notre rubrique <span style=\"color: #e57775;\"><strong><span style=\"color: #e57775;\">OBJECTIF<\/span> : PHOTO CANON \u00ae !<\/strong> <\/span>vous permette bien de remporter des <strong>cadeaux<\/strong> toute l&rsquo;ann\u00e9e.<\/p>\n<p>Nos Envies D\u00e9co vous propose un petit jeu :<\/p>\n<h3 style=\"text-align: center;\"><\/h3>\n<p><img loading=\"lazy\" decoding=\"async\" class=\"aligncenter wp-image-53929\" src=\"https:\/\/www.nosenviesdeco.fr\/blog\/wp-content\/uploads\/2019\/09\/image-presentation-jeu-concours-photo-blog.jpg\" alt=\"jeu concours photo sur le blog\" width=\"800\" height=\"364\" srcset=\"https:\/\/www.nosenviesdeco.fr\/blog\/wp-content\/uploads\/2019\/09\/image-presentation-jeu-concours-photo-blog.jpg 1100w, https:\/\/www.nosenviesdeco.fr\/blog\/wp-content\/uploads\/2019\/09\/image-presentation-jeu-concours-photo-blog-300x136.jpg 300w, https:\/\/www.nosenviesdeco.fr\/blog\/wp-content\/uploads\/2019\/09\/image-presentation-jeu-concours-photo-blog-768x349.jpg 768w, https:\/\/www.nosenviesdeco.fr\/blog\/wp-content\/uploads\/2019\/09\/image-presentation-jeu-concours-photo-blog-1024x465.jpg 1024w\" sizes=\"(max-width: 800px) 100vw, 800px\" \/><\/p>\n<h3 style=\"text-align: center;\"><strong>Une simple<span style=\"color: #e57775;\"> photo <\/span>peut vous faire <span style=\"color: #e57775;\">remporter un bon d&rsquo;achat de 10,00 \u20ac<\/span> sur notre site !<\/strong><\/h3>\n<p>&nbsp;<\/p>\n<p style=\"text-align: justify;\">Chaque mois, envoyez-nous une photo de votre <strong>d\u00e9coration<\/strong> faisant appara\u00eetre un ou plusieurs <strong>produits<\/strong> achet\u00e9s sur notre site, et tentez de remporter la victoire !<\/p>\n<p style=\"text-align: justify;\">Les r\u00e8gles sont simples :<\/p>\n<p style=\"text-align: justify;\">Un <strong>album<\/strong> de toutes les photos du mois sera cr\u00e9\u00e9 avec toutes vos d\u00e9corations.<\/p>\n<p style=\"text-align: justify;\">La photo ayant retenue le plus notre attention offrira \u00e0 son auteur un <strong>code promotion<\/strong> exclusif de <strong>10,00 \u20ac<\/strong> sur notre site !<\/p>\n<p style=\"text-align: justify;\">Sans restriction, vous pourrez retenter votre chance toute l&rsquo;ann\u00e9e, \u00e0 raison d&rsquo;une participation par mois, et ainsi cumuler les gains.<\/p>\n<p style=\"text-align: justify;\">Que ce soit un grand angle de votre salon ou un petit coin de la maison, la seule condition est de faire appara\u00eetre dans votre d\u00e9coration votre ou vos coup(s) de c\u0153ur achet\u00e9(s) sur le site.<\/p>\n<p style=\"text-align: justify;\">\u00c0 vos appareils, 3, 2, 1 &#8230; Fa\u00eetes-nous <strong>r\u00eaver<\/strong> avec vos belles d\u00e9corations !<\/p>\n<p>&nbsp;<\/p>\n<p style=\"text-align: center;\">\n<div class=\"wpcf7 no-js\" id=\"wpcf7-f51438-o1\" lang=\"fr-FR\" dir=\"ltr\">\n<div class=\"screen-reader-response\"><p role=\"status\" aria-live=\"polite\" aria-atomic=\"true\"><\/p> <ul><\/ul><\/div>\n<form action=\"\/blog\/wp-json\/wp\/v2\/pages\/24531#wpcf7-f51438-o1\" method=\"post\" class=\"wpcf7-form init\" aria-label=\"Formulaire de contact\" enctype=\"multipart\/form-data\" novalidate=\"novalidate\" data-status=\"init\">\n<div style=\"display: none;\">\n<input type=\"hidden\" name=\"_wpcf7\" value=\"51438\" \/>\n<input type=\"hidden\" name=\"_wpcf7_version\" value=\"5.7.7\" \/>\n<input type=\"hidden\" name=\"_wpcf7_locale\" value=\"fr_FR\" \/>\n<input type=\"hidden\" name=\"_wpcf7_unit_tag\" value=\"wpcf7-f51438-o1\" \/>\n<input type=\"hidden\" name=\"_wpcf7_container_post\" value=\"0\" \/>\n<input type=\"hidden\" name=\"_wpcf7_posted_data_hash\" value=\"\" \/>\n<\/div>\n<p><label> Nom & Pr\u00e9nom (obligatoire)<br \/>\n<span class=\"wpcf7-form-control-wrap\" data-name=\"your-name\"><input size=\"40\" class=\"wpcf7-form-control wpcf7-text wpcf7-validates-as-required\" aria-required=\"true\" aria-invalid=\"false\" value=\"\" type=\"text\" name=\"your-name\" \/><\/span> <\/label>\n<\/p>\n<p><label> Adresse mail (obligatoire)<br \/>\n<span class=\"wpcf7-form-control-wrap\" data-name=\"your-email\"><input size=\"40\" class=\"wpcf7-form-control wpcf7-text wpcf7-email wpcf7-validates-as-required wpcf7-validates-as-email\" aria-required=\"true\" aria-invalid=\"false\" value=\"\" type=\"email\" name=\"your-email\" \/><\/span> <\/label>\n<\/p>\n<p><label> N\u00b0 de commande Nosenviesdeco.fr (obligatoire)<br \/>\n<span class=\"wpcf7-form-control-wrap\" data-name=\"text-cde\"><input size=\"40\" class=\"wpcf7-form-control wpcf7-text wpcf7-validates-as-required\" aria-required=\"true\" aria-invalid=\"false\" placeholder=\"123456\" value=\"\" type=\"text\" name=\"text-cde\" \/><\/span> <\/label>\n<\/p>\n<p><label> Si vous souhaitez nous laisser un petit message \ud83d\ude42<br \/>\n<span class=\"wpcf7-form-control-wrap\" data-name=\"your-message\"><textarea cols=\"40\" rows=\"10\" class=\"wpcf7-form-control wpcf7-textarea\" aria-invalid=\"false\" name=\"your-message\"><\/textarea><\/span> <\/label>\n<\/p>\n<p><label> Une belle photo de votre d\u00e9co ! (obligatoire)<br \/>\n<span class=\"wpcf7-form-control-wrap\" data-name=\"your-file\"><input size=\"40\" class=\"wpcf7-form-control wpcf7-file wpcf7-validates-as-required\" accept=\".png,.jpg,.jpeg\" aria-required=\"true\" aria-invalid=\"false\" type=\"file\" name=\"your-file\" \/><\/span><br \/>\n<\/label>\n<\/p>\n<p><input class=\"wpcf7-form-control has-spinner wpcf7-submit\" type=\"submit\" value=\"J&#039;envoie ma photo et je tente de gagner un bon d&#039;achat !\" \/>\n<\/p><p style=\"display: none !important;\"><label>&#916;<textarea name=\"_wpcf7_ak_hp_textarea\" cols=\"45\" rows=\"8\" maxlength=\"100\"><\/textarea><\/label><input type=\"hidden\" id=\"ak_js_1\" name=\"_wpcf7_ak_js\" value=\"127\"\/><script>document.getElementById( \"ak_js_1\" ).setAttribute( \"value\", ( new Date() ).getTime() );<\/script><\/p><div class=\"wpcf7-response-output\" aria-hidden=\"true\"><\/div>\n<\/form>\n<\/div>\n\n<h3 style=\"text-align: center;\"><strong><span style=\"text-decoration: underline;\"><span style=\"color: #e57775; text-decoration: underline;\">Concours photo &#8211; Octobre 2019<\/span><\/span> :<\/strong><\/h3>\n<p style=\"text-align: center;\"><em>Ouverture le 01.10.2019<\/em><\/p>\n<p>&nbsp;<\/p>\n<h3 style=\"text-align: center;\"><strong><span style=\"color: #e57775;\">Concours photo &#8211; Novembre 2019 <\/span>:<\/strong><\/h3>\n<p style=\"text-align: center;\"><em>Ouverture le 01.11.2019<\/em><\/p>\n<p>&nbsp;<\/p>\n<h3 style=\"text-align: center;\"><strong><span style=\"color: #e57775;\">Concours photo &#8211; D\u00e9cembre 2019<\/span><\/strong> :<\/h3>\n<p style=\"text-align: center;\"><em>Ouverture le 01.12.2019<\/em><\/p>\n<p>&nbsp;<\/p>\n<p>&nbsp;<\/p>\n<hr \/>\n<p style=\"text-align: center;\"><a href=\"https:\/\/urlz.fr\/avLG\" target=\"_blank\" rel=\"noopener noreferrer\">R\u00e8glement du concours, Modalit\u00e9s &amp; Participation<\/a><\/p>\n","protected":false},"excerpt":{"rendered":"<p>Et s&rsquo;il existait un bonheur sans fin, un jeu concours sans limite, vous permettant de gagner non pas une seule fois &#8230; Mais tous les mois ?! Il semblerait que notre rubrique OBJECTIF : PHOTO CANON \u00ae ! vous permette<\/p>\n","protected":false},"author":2,"featured_media":0,"parent":0,"menu_order":0,"comment_status":"closed","ping_status":"closed","template":"","meta":{"footnotes":""},"yoast_head":"<!-- This site is optimized with the Yoast SEO plugin v20.4 - https:\/\/yoast.com\/wordpress\/plugins\/seo\/ -->\n<title>Objectif : Photo Canon \u00ae ! Jeu concours + Belle d\u00e9co&#039; = Code promo !<\/title>\n<meta name=\"description\" content=\"Envoyez-nous une photo de votre d\u00e9coration, gagnez \u00e0 notre jeu concours, et remportez des bons d&#039;achats. Objectif : Photo Canon \u00ae ! : Jolie d\u00e9co&#039; = Cadeau !\" \/>\n<meta name=\"robots\" content=\"index, follow, max-snippet:-1, max-image-preview:large, max-video-preview:-1\" \/>\n<link rel=\"canonical\" href=\"https:\/\/www.nosenviesdeco.fr\/blog\/code-promo\/\" \/>\n<meta property=\"og:locale\" content=\"fr_FR\" \/>\n<meta property=\"og:type\" content=\"article\" \/>\n<meta property=\"og:title\" content=\"Objectif : Photo Canon \u00ae ! Jeu concours + Belle d\u00e9co&#039; = Code promo !\" \/>\n<meta property=\"og:description\" content=\"Envoyez-nous une photo de votre d\u00e9coration, gagnez \u00e0 notre jeu concours, et remportez des bons d&#039;achats. Objectif : Photo Canon \u00ae ! : Jolie d\u00e9co&#039; = Cadeau !\" \/>\n<meta property=\"og:url\" content=\"https:\/\/www.nosenviesdeco.fr\/blog\/code-promo\/\" \/>\n<meta property=\"article:publisher\" content=\"https:\/\/www.facebook.com\/nosenviesdeco\/\" \/>\n<meta property=\"article:modified_time\" content=\"2019-09-12T08:05:44+00:00\" \/>\n<meta property=\"og:image\" content=\"https:\/\/www.nosenviesdeco.fr\/blog\/wp-content\/uploads\/2019\/09\/image-presentation-jeu-concours-photo-blog.jpg\" \/>\n<meta name=\"twitter:card\" content=\"summary_large_image\" \/>\n<meta name=\"twitter:label1\" content=\"Dur\u00e9e de lecture estim\u00e9e\" \/>\n\t<meta name=\"twitter:data1\" content=\"1 minute\" \/>\n<script type=\"application\/ld+json\" class=\"yoast-schema-graph\">{\"@context\":\"https:\/\/schema.org\",\"@graph\":[{\"@type\":\"WebPage\",\"@id\":\"https:\/\/www.nosenviesdeco.fr\/blog\/code-promo\/\",\"url\":\"https:\/\/www.nosenviesdeco.fr\/blog\/code-promo\/\",\"name\":\"Objectif : Photo Canon \u00ae ! Jeu concours + Belle d\u00e9co' = Code promo !\",\"isPartOf\":{\"@id\":\"https:\/\/www.nosenviesdeco.fr\/blog\/#website\"},\"datePublished\":\"2019-07-15T13:10:15+00:00\",\"dateModified\":\"2019-09-12T08:05:44+00:00\",\"description\":\"Envoyez-nous une photo de votre d\u00e9coration, gagnez \u00e0 notre jeu concours, et remportez des bons d'achats. Objectif : Photo Canon \u00ae ! : Jolie d\u00e9co' = Cadeau !\",\"breadcrumb\":{\"@id\":\"https:\/\/www.nosenviesdeco.fr\/blog\/code-promo\/#breadcrumb\"},\"inLanguage\":\"fr-FR\",\"potentialAction\":[{\"@type\":\"ReadAction\",\"target\":[\"https:\/\/www.nosenviesdeco.fr\/blog\/code-promo\/\"]}]},{\"@type\":\"BreadcrumbList\",\"@id\":\"https:\/\/www.nosenviesdeco.fr\/blog\/code-promo\/#breadcrumb\",\"itemListElement\":[{\"@type\":\"ListItem\",\"position\":1,\"name\":\"Accueil\",\"item\":\"https:\/\/www.nosenviesdeco.fr\/blog\/\"},{\"@type\":\"ListItem\",\"position\":2,\"name\":\"Objectif : Photo Canon \u00ae !\"}]},{\"@type\":\"WebSite\",\"@id\":\"https:\/\/www.nosenviesdeco.fr\/blog\/#website\",\"url\":\"https:\/\/www.nosenviesdeco.fr\/blog\/\",\"name\":\"\",\"description\":\"\",\"publisher\":{\"@id\":\"https:\/\/www.nosenviesdeco.fr\/blog\/#organization\"},\"potentialAction\":[{\"@type\":\"SearchAction\",\"target\":{\"@type\":\"EntryPoint\",\"urlTemplate\":\"https:\/\/www.nosenviesdeco.fr\/blog\/?s={search_term_string}\"},\"query-input\":\"required name=search_term_string\"}],\"inLanguage\":\"fr-FR\"},{\"@type\":\"Organization\",\"@id\":\"https:\/\/www.nosenviesdeco.fr\/blog\/#organization\",\"name\":\"Nosenviesdeco.fr\",\"url\":\"https:\/\/www.nosenviesdeco.fr\/blog\/\",\"logo\":{\"@type\":\"ImageObject\",\"inLanguage\":\"fr-FR\",\"@id\":\"https:\/\/www.nosenviesdeco.fr\/blog\/#\/schema\/logo\/image\/\",\"url\":\"https:\/\/www.nosenviesdeco.fr\/blog\/wp-content\/uploads\/2019\/09\/cropped-logo-blog-ned.png\",\"contentUrl\":\"https:\/\/www.nosenviesdeco.fr\/blog\/wp-content\/uploads\/2019\/09\/cropped-logo-blog-ned.png\",\"width\":484,\"height\":102,\"caption\":\"Nosenviesdeco.fr\"},\"image\":{\"@id\":\"https:\/\/www.nosenviesdeco.fr\/blog\/#\/schema\/logo\/image\/\"},\"sameAs\":[\"https:\/\/www.facebook.com\/nosenviesdeco\/\",\"https:\/\/www.instagram.com\/nosenviesdeco.fr\/\"]}]}<\/script>\n<!-- \/ Yoast SEO plugin. -->","yoast_head_json":{"title":"Objectif : Photo Canon \u00ae ! Jeu concours + Belle d\u00e9co' = Code promo !","description":"Envoyez-nous une photo de votre d\u00e9coration, gagnez \u00e0 notre jeu concours, et remportez des bons d'achats. Objectif : Photo Canon \u00ae ! : Jolie d\u00e9co' = Cadeau !","robots":{"index":"index","follow":"follow","max-snippet":"max-snippet:-1","max-image-preview":"max-image-preview:large","max-video-preview":"max-video-preview:-1"},"canonical":"https:\/\/www.nosenviesdeco.fr\/blog\/code-promo\/","og_locale":"fr_FR","og_type":"article","og_title":"Objectif : Photo Canon \u00ae ! Jeu concours + Belle d\u00e9co' = Code promo !","og_description":"Envoyez-nous une photo de votre d\u00e9coration, gagnez \u00e0 notre jeu concours, et remportez des bons d'achats. Objectif : Photo Canon \u00ae ! : Jolie d\u00e9co' = Cadeau !","og_url":"https:\/\/www.nosenviesdeco.fr\/blog\/code-promo\/","article_publisher":"https:\/\/www.facebook.com\/nosenviesdeco\/","article_modified_time":"2019-09-12T08:05:44+00:00","og_image":[{"url":"https:\/\/www.nosenviesdeco.fr\/blog\/wp-content\/uploads\/2019\/09\/image-presentation-jeu-concours-photo-blog.jpg"}],"twitter_card":"summary_large_image","twitter_misc":{"Dur\u00e9e de lecture estim\u00e9e":"1 minute"},"schema":{"@context":"https:\/\/schema.org","@graph":[{"@type":"WebPage","@id":"https:\/\/www.nosenviesdeco.fr\/blog\/code-promo\/","url":"https:\/\/www.nosenviesdeco.fr\/blog\/code-promo\/","name":"Objectif : Photo Canon \u00ae ! Jeu concours + Belle d\u00e9co' = Code promo !","isPartOf":{"@id":"https:\/\/www.nosenviesdeco.fr\/blog\/#website"},"datePublished":"2019-07-15T13:10:15+00:00","dateModified":"2019-09-12T08:05:44+00:00","description":"Envoyez-nous une photo de votre d\u00e9coration, gagnez \u00e0 notre jeu concours, et remportez des bons d'achats. Objectif : Photo Canon \u00ae ! : Jolie d\u00e9co' = Cadeau !","breadcrumb":{"@id":"https:\/\/www.nosenviesdeco.fr\/blog\/code-promo\/#breadcrumb"},"inLanguage":"fr-FR","potentialAction":[{"@type":"ReadAction","target":["https:\/\/www.nosenviesdeco.fr\/blog\/code-promo\/"]}]},{"@type":"BreadcrumbList","@id":"https:\/\/www.nosenviesdeco.fr\/blog\/code-promo\/#breadcrumb","itemListElement":[{"@type":"ListItem","position":1,"name":"Accueil","item":"https:\/\/www.nosenviesdeco.fr\/blog\/"},{"@type":"ListItem","position":2,"name":"Objectif : Photo Canon \u00ae !"}]},{"@type":"WebSite","@id":"https:\/\/www.nosenviesdeco.fr\/blog\/#website","url":"https:\/\/www.nosenviesdeco.fr\/blog\/","name":"","description":"","publisher":{"@id":"https:\/\/www.nosenviesdeco.fr\/blog\/#organization"},"potentialAction":[{"@type":"SearchAction","target":{"@type":"EntryPoint","urlTemplate":"https:\/\/www.nosenviesdeco.fr\/blog\/?s={search_term_string}"},"query-input":"required name=search_term_string"}],"inLanguage":"fr-FR"},{"@type":"Organization","@id":"https:\/\/www.nosenviesdeco.fr\/blog\/#organization","name":"Nosenviesdeco.fr","url":"https:\/\/www.nosenviesdeco.fr\/blog\/","logo":{"@type":"ImageObject","inLanguage":"fr-FR","@id":"https:\/\/www.nosenviesdeco.fr\/blog\/#\/schema\/logo\/image\/","url":"https:\/\/www.nosenviesdeco.fr\/blog\/wp-content\/uploads\/2019\/09\/cropped-logo-blog-ned.png","contentUrl":"https:\/\/www.nosenviesdeco.fr\/blog\/wp-content\/uploads\/2019\/09\/cropped-logo-blog-ned.png","width":484,"height":102,"caption":"Nosenviesdeco.fr"},"image":{"@id":"https:\/\/www.nosenviesdeco.fr\/blog\/#\/schema\/logo\/image\/"},"sameAs":["https:\/\/www.facebook.com\/nosenviesdeco\/","https:\/\/www.instagram.com\/nosenviesdeco.fr\/"]}]}},"_links":{"self":[{"href":"https:\/\/www.nosenviesdeco.fr\/blog\/wp-json\/wp\/v2\/pages\/24531"}],"collection":[{"href":"https:\/\/www.nosenviesdeco.fr\/blog\/wp-json\/wp\/v2\/pages"}],"about":[{"href":"https:\/\/www.nosenviesdeco.fr\/blog\/wp-json\/wp\/v2\/types\/page"}],"author":[{"embeddable":true,"href":"https:\/\/www.nosenviesdeco.fr\/blog\/wp-json\/wp\/v2\/users\/2"}],"replies":[{"embeddable":true,"href":"https:\/\/www.nosenviesdeco.fr\/blog\/wp-json\/wp\/v2\/comments?post=24531"}],"version-history":[{"count":34,"href":"https:\/\/www.nosenviesdeco.fr\/blog\/wp-json\/wp\/v2\/pages\/24531\/revisions"}],"predecessor-version":[{"id":53981,"href":"https:\/\/www.nosenviesdeco.fr\/blog\/wp-json\/wp\/v2\/pages\/24531\/revisions\/53981"}],"wp:attachment":[{"href":"https:\/\/www.nosenviesdeco.fr\/blog\/wp-json\/wp\/v2\/media?parent=24531"}],"curies":[{"name":"wp","href":"https:\/\/api.w.org\/{rel}","templated":true}]}}