{"id":32443,"date":"2019-07-29T10:23:46","date_gmt":"2019-07-29T10:23:46","guid":{"rendered":"https:\/\/www.nosenviesdeco.fr\/blog\/?page_id=32443"},"modified":"2019-09-03T12:19:46","modified_gmt":"2019-09-03T12:19:46","slug":"reseaux","status":"publish","type":"page","link":"https:\/\/www.nosenviesdeco.fr\/blog\/reseaux\/","title":{"rendered":"#RejoignezNous"},"content":{"rendered":"<p><strong><span style=\"color: #e57775;\">#REJOIGNEZNOUS<\/span><\/strong><\/p>\n<p style=\"text-align: justify;\">Il nous tient \u00e0 c\u0153ur d&rsquo;\u00eatre proche de notre communaut\u00e9, mais \u00e9galement de nous adapter \u00e0 vos <strong>besoins<\/strong>.<\/p>\n<p style=\"text-align: justify;\">Au m\u00eame titre que vos <strong>d\u00e9corations<\/strong>, vos personnalit\u00e9s sont toutes diff\u00e9rentes.<\/p>\n<p style=\"text-align: justify;\">Ainsi, pour r\u00e9pondre au mieux aux attentes de chacun, nous nous adaptons \u00e0 vos modes vie.<\/p>\n<p style=\"text-align: justify;\">L&rsquo;\u00e9quipe de Nos Envies D\u00e9co est tr\u00e8s r\u00e9active.<br \/>\nQue ce soit en direct, ou sur les r\u00e9seaux sociaux :<\/p>\n<p style=\"text-align: justify;\">Vous aimez discuter ? Une<strong> ligne directe<\/strong> est \u00e0 votre disposition.<br \/>\nVous pr\u00e9f\u00e9rez par messages ? Le <strong><em>chat<\/em> <\/strong>est en ligne sur notre site !<br \/>\nVous n&rsquo;\u00eates pas trop disponible ? Nous vous recontacterons par <strong>e-mail<\/strong>.<br \/>\nVous \u00eates connect\u00e9s ? Nous sommes sur <strong>Facebook <\/strong>et <strong>Messenger<\/strong>.<br \/>\nEnvie d&rsquo;inspiration ? Rejoignez-nous sur <strong>Instagram<\/strong> !<\/p>\n<p style=\"text-align: justify;\">Vous trouverez ici aussi les <strong>offres d&#8217;emploi<\/strong> pour rejoindre la <strong>team<\/strong> !<\/p>\n<p style=\"text-align: justify;\">Nos Envies D\u00e9co, c&rsquo;est une grande communaut\u00e9 de d\u00e9co-addicts dont la richesse puise sa source dans vos <strong>milliers d&rsquo;id\u00e9es<\/strong>.<\/p>\n<p>&nbsp;<\/p>\n<div class=\"gca-column one-half first\"><p><a href=\"https:\/\/www.facebook.com\/Nosenviesdecofr-398601630592839\/\" target=\"_blank\" rel=\"noopener noreferrer\"><img loading=\"lazy\" decoding=\"async\" class=\"alignnone wp-image-36329 size-full\" src=\"https:\/\/www.nosenviesdeco.fr\/blog\/wp-content\/uploads\/2019\/07\/facebook-nos-envies-d\u00e9co.png\" alt=\"facebook-nos-envies-d\u00e9co\" width=\"600\" height=\"291\" srcset=\"https:\/\/www.nosenviesdeco.fr\/blog\/wp-content\/uploads\/2019\/07\/facebook-nos-envies-d\u00e9co.png 600w, https:\/\/www.nosenviesdeco.fr\/blog\/wp-content\/uploads\/2019\/07\/facebook-nos-envies-d\u00e9co-300x146.png 300w\" sizes=\"(max-width: 600px) 100vw, 600px\" \/><\/a><\/p>\n<h4 style=\"text-align: center;\"><span style=\"color: #3b5998;\"><strong>FACEBOOK<\/strong><\/span><\/h4>\n<p style=\"text-align: justify;\">Vous \u00eates sur <span style=\"color: #3b5998;\">Facebook<\/span> ? \u00c7a tombe bien, nous aussi !<\/p>\n<p style=\"text-align: justify;\">Au programme : Photos tendances, humeurs du jour, instant sentimental, partage des avantages en avant-premi\u00e8re, mise en place de dizaines de jeux concours dans l&rsquo;ann\u00e9e, sondages d\u00e9co&rsquo;, stories amusantes, boutique Facebook mise \u00e0 jour, vid\u00e9os d&rsquo;astuces, \u00e9changes d&rsquo;id\u00e9es, et tellement plus encore !<\/p>\n<p style=\"text-align: justify;\">Vous voulez une <span style=\"color: #3b5998;\">astuce<\/span> &#8230; ?<\/p>\n<p style=\"text-align: justify;\">En cliquant sur \u00ab\u00a0<em><span style=\"color: #3b5998;\">J&rsquo;aime<\/span><\/em>\u00a0\u00bb au niveau du <span style=\"color: #3b5998;\">panier<\/span> sur notre <span style=\"color: #3b5998;\">boutique en ligne<\/span>, nous vous offrons une <span style=\"color: #3b5998;\">r\u00e9compense<\/span> <span style=\"color: #3b5998;\">suppl\u00e9mentaire<\/span> de <span style=\"color: #3b5998;\">1,00 \u20ac<\/span> pour finaliser votre <span style=\"color: #3b5998;\">shopping<\/span>.<\/p>\n<p style=\"text-align: justify;\">Alors \u00e0 tout de suite sur notre <a href=\"https:\/\/www.facebook.com\/Nosenviesdecofr-398601630592839\/\" target=\"_blank\" rel=\"noopener noreferrer\">Facebook<\/a> !<\/p><\/div>\n<div class=\"gca-column one-half\"><p><a href=\"https:\/\/www.instagram.com\/nosenviesdeco.fr\/\" target=\"_blank\" rel=\"noopener noreferrer\"><img loading=\"lazy\" decoding=\"async\" class=\"alignnone wp-image-36336 size-full\" src=\"https:\/\/www.nosenviesdeco.fr\/blog\/wp-content\/uploads\/2019\/07\/instagram-nos-envies-d\u00e9co.png\" alt=\"instagram-nos-envies-d\u00e9co\" width=\"600\" height=\"291\" srcset=\"https:\/\/www.nosenviesdeco.fr\/blog\/wp-content\/uploads\/2019\/07\/instagram-nos-envies-d\u00e9co.png 600w, https:\/\/www.nosenviesdeco.fr\/blog\/wp-content\/uploads\/2019\/07\/instagram-nos-envies-d\u00e9co-300x146.png 300w\" sizes=\"(max-width: 600px) 100vw, 600px\" \/><\/a><\/p>\n<h4 style=\"text-align: center;\"><strong><span style=\"color: #8a3ab9;\"><span style=\"color: #bc2a8d;\">I<\/span>N<\/span><span style=\"color: #4c68d7;\">S<\/span><span style=\"color: #cd486b;\">T<\/span><span style=\"color: #fbad50;\">A<\/span><span style=\"color: #fccc63;\">G<\/span><span style=\"color: #bc2a8d;\">R<\/span><span style=\"color: #8a3ab9;\">A<\/span><span style=\"color: #4c68d7;\">M<\/span><\/strong><\/h4>\n<p style=\"text-align: justify;\">Vous recherchez une <span style=\"color: #8a3ab9;\">as<\/span><span style=\"color: #4c68d7;\">tu<\/span><span style=\"color: #cd486b;\">ce<\/span> <span style=\"color: #fbad50;\">d\u00e9<\/span><span style=\"color: #fccc63;\">co<\/span><span style=\"color: #bc2a8d;\">ra<\/span><span style=\"color: #8a3ab9;\">ti<\/span><span style=\"color: #4c68d7;\">on<\/span> ?<br \/>\nEt si vous veniez faire un tour sur notre <span style=\"color: #bc2a8d;\">I<\/span><span style=\"color: #8a3ab9;\">n<\/span><span style=\"color: #4c68d7;\">s<\/span><span style=\"color: #cd486b;\">t<\/span><span style=\"color: #fbad50;\">a<\/span><span style=\"color: #fccc63;\">g<\/span><span style=\"color: #bc2a8d;\">r<\/span><span style=\"color: #8a3ab9;\">a<span style=\"color: #4c68d7;\">m<\/span><\/span> ?<\/p>\n<p style=\"text-align: justify;\">Toutes nos <span style=\"color: #8a3ab9;\">p<\/span><span style=\"color: #4c68d7;\">h<\/span><span style=\"color: #cd486b;\">o<\/span><span style=\"color: #fbad50;\">t<\/span><span style=\"color: #fccc63;\">o<\/span><span style=\"color: #bc2a8d;\">s<\/span> sont tagu\u00e9es des produits mis en avant afin de recr\u00e9er chez vous cette <span style=\"color: #8a3ab9;\">a<\/span><span style=\"color: #4c68d7;\">m<\/span><span style=\"color: #cd486b;\">b<\/span><span style=\"color: #fbad50;\">i<\/span><span style=\"color: #fccc63;\">a<\/span><span style=\"color: #bc2a8d;\">n<\/span><span style=\"color: #8a3ab9;\">c<\/span><span style=\"color: #4c68d7;\">e<\/span> canon qui vous a fait craquer !<\/p>\n<p style=\"text-align: justify;\">Avec le <span style=\"color: #8a3ab9;\">#<\/span><span style=\"color: #4c68d7;\">no<\/span><span style=\"color: #cd486b;\">se<\/span><span style=\"color: #fbad50;\">nv<\/span><span style=\"color: #fccc63;\">ie<\/span><span style=\"color: #bc2a8d;\">sd<\/span><span style=\"color: #8a3ab9;\">ec<\/span><span style=\"color: #4c68d7;\">o<\/span>, faites-nous voir vos plus belles <span style=\"color: #8a3ab9;\">d\u00e9<\/span><span style=\"color: #4c68d7;\">co<\/span><span style=\"color: #cd486b;\">ra<\/span><span style=\"color: #fbad50;\">ti<\/span><span style=\"color: #fccc63;\">on<\/span><span style=\"color: #bc2a8d;\">s<\/span> !<br \/>\nDonnez-nous \u00e9galement votre avis sur la story en jouant \u00e0 nos mini-jeux,<br \/>\nOu bien taguez <span style=\"color: #8a3ab9;\">@<\/span><span style=\"color: #4c68d7;\">no<\/span><span style=\"color: #cd486b;\">se<span style=\"color: #fbad50;\">nv<\/span><\/span><span style=\"color: #fccc63;\">ie<\/span><span style=\"color: #bc2a8d;\">sd<\/span><span style=\"color: #8a3ab9;\">ec<\/span><span style=\"color: #4c68d7;\">o<\/span> pour \u00eatre re-publi\u00e9 !<\/p>\n<p style=\"text-align: justify;\">Vous avez un blog et un partenariat vous tente ?<br \/>\n\u00c9crivez-nous !<\/p>\n<p style=\"text-align: justify;\"><em>#Followuson<\/em>\u00a0<a href=\"https:\/\/www.instagram.com\/nosenviesdeco.fr\/\" target=\"_blank\" rel=\"noopener noreferrer\">Instagram<\/a> !<\/p><\/div>\n<p>&nbsp;<\/p>\n<div class=\"gca-column one-half first\"><p><a href=\"https:\/\/www.kservices.fr\/recrutement\" target=\"_blank\" rel=\"noopener noreferrer\"><img loading=\"lazy\" decoding=\"async\" class=\"alignnone wp-image-36341 size-full\" src=\"https:\/\/www.nosenviesdeco.fr\/blog\/wp-content\/uploads\/2019\/07\/job-emploi-nos-envies-d\u00e9co.png\" alt=\"job-emploi-nos-envies-d\u00e9co\" width=\"600\" height=\"291\" srcset=\"https:\/\/www.nosenviesdeco.fr\/blog\/wp-content\/uploads\/2019\/07\/job-emploi-nos-envies-d\u00e9co.png 600w, https:\/\/www.nosenviesdeco.fr\/blog\/wp-content\/uploads\/2019\/07\/job-emploi-nos-envies-d\u00e9co-300x146.png 300w\" sizes=\"(max-width: 600px) 100vw, 600px\" \/><\/a><\/p>\n<h4 style=\"text-align: center;\"><span style=\"color: #9774b5;\"><strong>OFFRE D&rsquo;EMPLOI<\/strong><\/span><\/h4>\n<p style=\"text-align: justify;\">Vous vous en seriez peut-\u00eatre dout\u00e9, mais derri\u00e8re tout cela, il y a des <span style=\"color: #9774b5;\">petites mains<\/span> qui s&rsquo;affairent en coulisses &#8230;<\/p>\n<p style=\"text-align: justify;\">Et si vous aussi vous <span style=\"color: #9774b5;\">r\u00eavez <\/span>de rejoindre notre <span style=\"color: #9774b5;\">\u00e9quipe<\/span>, ce peut \u00eatre possible !<\/p>\n<p style=\"text-align: justify;\">Nous proposons ponctuellement des <span style=\"color: #9774b5;\">opportunit\u00e9s <\/span>par le biais de notre plateforme de <span style=\"color: #9774b5;\">recrutement<\/span>.<br \/>\nSi d&rsquo;aventure une <a href=\"https:\/\/www.kservices.fr\/recrutement\" target=\"_blank\" rel=\"noopener noreferrer\">offre d&#8217;emploi<\/a> vous int\u00e9resse, n&rsquo;h\u00e9sitez surtout pas \u00e0 <span style=\"color: #9774b5;\">postuler <\/span>et nous \u00e9tudierons votre <span style=\"color: #9774b5;\">candidature <\/span>avec la plus grande des attentions.<\/p>\n<p style=\"text-align: justify;\">En plus, <span style=\"color: #9774b5;\">04 fois plus de chance<\/span> de rejoindre la <span style=\"color: #9774b5;\">team <\/span>gr\u00e2ce \u00e0 nos <span style=\"color: #9774b5;\">04 sites<\/span> ! :<\/p>\n<p style=\"text-align: justify;\"><span style=\"color: #e57775;\"><i class=\"fa fa-home \" ><\/i>\u00a0<\/span> \u00a0 \u00a0Vous adorez tout ce qui touche \u00e0 la <span style=\"color: #e57775;\">maison<\/span> et \u00e0 la <span style=\"color: #e57775;\">d\u00e9coration <\/span>?<br \/>\nRestez \u00e0 l\u2019aff\u00fbt d&rsquo;une place sur <a href=\"https:\/\/www.nosenviesdeco.fr\/\" target=\"_blank\" rel=\"noopener noreferrer\">NOS ENVIES D\u00c9CO<\/a>.<\/p>\n<p style=\"text-align: justify;\"><span style=\"color: #2fa3ba;\"><span style=\"color: #b3c500;\"><i class=\"fa fa-leaf \" ><\/i>\u00a0 <\/span>\u00a0 \u00a0<\/span>Vous avez la<span style=\"color: #b3c500;\"> main verte<\/span>, vous \u00eates le roi du <span style=\"color: #b3c500;\">barbecue<\/span>, ou l&rsquo;incollable du <span style=\"color: #b3c500;\">hamac <\/span>?<br \/>\nGuettez nos places sur <a href=\"https:\/\/www.jardideco.fr\/\" target=\"_blank\" rel=\"noopener noreferrer\">JARDIDECO<\/a>.<\/p>\n<p style=\"text-align: justify;\"><span style=\"color: #2fa3ba;\"><span style=\"color: #2ba1d8;\"><i class=\"fa fa-tint \" ><\/i>\u00a0<\/span> \u00a0 \u00a0 \u00a0<\/span>Fan de l&rsquo;<span style=\"color: #2ba1d8;\">univers nautique<\/span> ?<br \/>\nVous vous sentirez comme un poisson dans <span style=\"color: #2ba1d8;\">l&rsquo;eau <\/span>chez\u00a0<a href=\"https:\/\/www.piscineco.fr\/\" target=\"_blank\" rel=\"noopener noreferrer\">PISCINECO.<\/a><\/p>\n<p style=\"text-align: justify;\"><span style=\"color: #2fa3ba;\"><span style=\"color: #b99769;\"><i class=\"fa fa-sun-o \" ><\/i>\u00a0 \u00a0<\/span> \u00a0<\/span>Adepte du <span style=\"color: #b99769;\">zen<\/span>, du <span style=\"color: #b99769;\">cool<\/span>, et du bon temps ?<br \/>\nVenez <span style=\"color: #b99769;\"><em>chiller<\/em> <\/span>avec l&rsquo;\u00e9quipe de\u00a0<a href=\"https:\/\/www.spa-gonflable.fr\/\" target=\"_blank\" rel=\"noopener noreferrer\">SPA GONFLABLE<\/a>.<\/p>\n<p>&nbsp;<\/p><\/div>\n","protected":false},"excerpt":{"rendered":"<p>#REJOIGNEZNOUS Il nous tient \u00e0 c\u0153ur d&rsquo;\u00eatre proche de notre communaut\u00e9, mais \u00e9galement de nous adapter \u00e0 vos besoins. Au m\u00eame titre que vos d\u00e9corations, vos personnalit\u00e9s sont toutes diff\u00e9rentes. Ainsi, pour r\u00e9pondre au mieux aux attentes de chacun, nous<\/p>\n","protected":false},"author":2,"featured_media":0,"parent":0,"menu_order":0,"comment_status":"closed","ping_status":"closed","template":"","meta":{"footnotes":""},"yoast_head":"<!-- This site is optimized with the Yoast SEO plugin v20.4 - https:\/\/yoast.com\/wordpress\/plugins\/seo\/ -->\n<title>#RejoignezNous ! Le seul rendez-vous de la communaut\u00e9 de d\u00e9co-addicts<\/title>\n<meta name=\"description\" content=\"Ils sont des millions \u00e0 avoir rejoint l&#039;immense communaut\u00e9 que regroupe la d\u00e9coration. Alors, qu&#039;attendez-vous ? #RejoignezNous !\" \/>\n<meta name=\"robots\" content=\"index, follow, max-snippet:-1, max-image-preview:large, max-video-preview:-1\" \/>\n<link rel=\"canonical\" href=\"https:\/\/www.nosenviesdeco.fr\/blog\/reseaux\/\" \/>\n<meta property=\"og:locale\" content=\"fr_FR\" \/>\n<meta property=\"og:type\" content=\"article\" \/>\n<meta property=\"og:title\" content=\"#RejoignezNous ! Le seul rendez-vous de la communaut\u00e9 de d\u00e9co-addicts\" \/>\n<meta property=\"og:description\" content=\"Ils sont des millions \u00e0 avoir rejoint l&#039;immense communaut\u00e9 que regroupe la d\u00e9coration. Alors, qu&#039;attendez-vous ? #RejoignezNous !\" \/>\n<meta property=\"og:url\" content=\"https:\/\/www.nosenviesdeco.fr\/blog\/reseaux\/\" \/>\n<meta property=\"article:publisher\" content=\"https:\/\/www.facebook.com\/nosenviesdeco\/\" \/>\n<meta property=\"article:modified_time\" content=\"2019-09-03T12:19:46+00:00\" \/>\n<meta name=\"twitter:card\" content=\"summary_large_image\" \/>\n<meta name=\"twitter:label1\" content=\"Dur\u00e9e de lecture estim\u00e9e\" \/>\n\t<meta name=\"twitter:data1\" content=\"3 minutes\" \/>\n<script type=\"application\/ld+json\" class=\"yoast-schema-graph\">{\"@context\":\"https:\/\/schema.org\",\"@graph\":[{\"@type\":\"WebPage\",\"@id\":\"https:\/\/www.nosenviesdeco.fr\/blog\/reseaux\/\",\"url\":\"https:\/\/www.nosenviesdeco.fr\/blog\/reseaux\/\",\"name\":\"#RejoignezNous ! Le seul rendez-vous de la communaut\u00e9 de d\u00e9co-addicts\",\"isPartOf\":{\"@id\":\"https:\/\/www.nosenviesdeco.fr\/blog\/#website\"},\"datePublished\":\"2019-07-29T10:23:46+00:00\",\"dateModified\":\"2019-09-03T12:19:46+00:00\",\"description\":\"Ils sont des millions \u00e0 avoir rejoint l'immense communaut\u00e9 que regroupe la d\u00e9coration. Alors, qu'attendez-vous ? #RejoignezNous !\",\"breadcrumb\":{\"@id\":\"https:\/\/www.nosenviesdeco.fr\/blog\/reseaux\/#breadcrumb\"},\"inLanguage\":\"fr-FR\",\"potentialAction\":[{\"@type\":\"ReadAction\",\"target\":[\"https:\/\/www.nosenviesdeco.fr\/blog\/reseaux\/\"]}]},{\"@type\":\"BreadcrumbList\",\"@id\":\"https:\/\/www.nosenviesdeco.fr\/blog\/reseaux\/#breadcrumb\",\"itemListElement\":[{\"@type\":\"ListItem\",\"position\":1,\"name\":\"Accueil\",\"item\":\"https:\/\/www.nosenviesdeco.fr\/blog\/\"},{\"@type\":\"ListItem\",\"position\":2,\"name\":\"#RejoignezNous\"}]},{\"@type\":\"WebSite\",\"@id\":\"https:\/\/www.nosenviesdeco.fr\/blog\/#website\",\"url\":\"https:\/\/www.nosenviesdeco.fr\/blog\/\",\"name\":\"\",\"description\":\"\",\"publisher\":{\"@id\":\"https:\/\/www.nosenviesdeco.fr\/blog\/#organization\"},\"potentialAction\":[{\"@type\":\"SearchAction\",\"target\":{\"@type\":\"EntryPoint\",\"urlTemplate\":\"https:\/\/www.nosenviesdeco.fr\/blog\/?s={search_term_string}\"},\"query-input\":\"required name=search_term_string\"}],\"inLanguage\":\"fr-FR\"},{\"@type\":\"Organization\",\"@id\":\"https:\/\/www.nosenviesdeco.fr\/blog\/#organization\",\"name\":\"Nosenviesdeco.fr\",\"url\":\"https:\/\/www.nosenviesdeco.fr\/blog\/\",\"logo\":{\"@type\":\"ImageObject\",\"inLanguage\":\"fr-FR\",\"@id\":\"https:\/\/www.nosenviesdeco.fr\/blog\/#\/schema\/logo\/image\/\",\"url\":\"https:\/\/www.nosenviesdeco.fr\/blog\/wp-content\/uploads\/2019\/09\/cropped-logo-blog-ned.png\",\"contentUrl\":\"https:\/\/www.nosenviesdeco.fr\/blog\/wp-content\/uploads\/2019\/09\/cropped-logo-blog-ned.png\",\"width\":484,\"height\":102,\"caption\":\"Nosenviesdeco.fr\"},\"image\":{\"@id\":\"https:\/\/www.nosenviesdeco.fr\/blog\/#\/schema\/logo\/image\/\"},\"sameAs\":[\"https:\/\/www.facebook.com\/nosenviesdeco\/\",\"https:\/\/www.instagram.com\/nosenviesdeco.fr\/\"]}]}<\/script>\n<!-- \/ Yoast SEO plugin. -->","yoast_head_json":{"title":"#RejoignezNous ! Le seul rendez-vous de la communaut\u00e9 de d\u00e9co-addicts","description":"Ils sont des millions \u00e0 avoir rejoint l'immense communaut\u00e9 que regroupe la d\u00e9coration. Alors, qu'attendez-vous ? #RejoignezNous !","robots":{"index":"index","follow":"follow","max-snippet":"max-snippet:-1","max-image-preview":"max-image-preview:large","max-video-preview":"max-video-preview:-1"},"canonical":"https:\/\/www.nosenviesdeco.fr\/blog\/reseaux\/","og_locale":"fr_FR","og_type":"article","og_title":"#RejoignezNous ! Le seul rendez-vous de la communaut\u00e9 de d\u00e9co-addicts","og_description":"Ils sont des millions \u00e0 avoir rejoint l'immense communaut\u00e9 que regroupe la d\u00e9coration. Alors, qu'attendez-vous ? #RejoignezNous !","og_url":"https:\/\/www.nosenviesdeco.fr\/blog\/reseaux\/","article_publisher":"https:\/\/www.facebook.com\/nosenviesdeco\/","article_modified_time":"2019-09-03T12:19:46+00:00","twitter_card":"summary_large_image","twitter_misc":{"Dur\u00e9e de lecture estim\u00e9e":"3 minutes"},"schema":{"@context":"https:\/\/schema.org","@graph":[{"@type":"WebPage","@id":"https:\/\/www.nosenviesdeco.fr\/blog\/reseaux\/","url":"https:\/\/www.nosenviesdeco.fr\/blog\/reseaux\/","name":"#RejoignezNous ! Le seul rendez-vous de la communaut\u00e9 de d\u00e9co-addicts","isPartOf":{"@id":"https:\/\/www.nosenviesdeco.fr\/blog\/#website"},"datePublished":"2019-07-29T10:23:46+00:00","dateModified":"2019-09-03T12:19:46+00:00","description":"Ils sont des millions \u00e0 avoir rejoint l'immense communaut\u00e9 que regroupe la d\u00e9coration. Alors, qu'attendez-vous ? #RejoignezNous !","breadcrumb":{"@id":"https:\/\/www.nosenviesdeco.fr\/blog\/reseaux\/#breadcrumb"},"inLanguage":"fr-FR","potentialAction":[{"@type":"ReadAction","target":["https:\/\/www.nosenviesdeco.fr\/blog\/reseaux\/"]}]},{"@type":"BreadcrumbList","@id":"https:\/\/www.nosenviesdeco.fr\/blog\/reseaux\/#breadcrumb","itemListElement":[{"@type":"ListItem","position":1,"name":"Accueil","item":"https:\/\/www.nosenviesdeco.fr\/blog\/"},{"@type":"ListItem","position":2,"name":"#RejoignezNous"}]},{"@type":"WebSite","@id":"https:\/\/www.nosenviesdeco.fr\/blog\/#website","url":"https:\/\/www.nosenviesdeco.fr\/blog\/","name":"","description":"","publisher":{"@id":"https:\/\/www.nosenviesdeco.fr\/blog\/#organization"},"potentialAction":[{"@type":"SearchAction","target":{"@type":"EntryPoint","urlTemplate":"https:\/\/www.nosenviesdeco.fr\/blog\/?s={search_term_string}"},"query-input":"required name=search_term_string"}],"inLanguage":"fr-FR"},{"@type":"Organization","@id":"https:\/\/www.nosenviesdeco.fr\/blog\/#organization","name":"Nosenviesdeco.fr","url":"https:\/\/www.nosenviesdeco.fr\/blog\/","logo":{"@type":"ImageObject","inLanguage":"fr-FR","@id":"https:\/\/www.nosenviesdeco.fr\/blog\/#\/schema\/logo\/image\/","url":"https:\/\/www.nosenviesdeco.fr\/blog\/wp-content\/uploads\/2019\/09\/cropped-logo-blog-ned.png","contentUrl":"https:\/\/www.nosenviesdeco.fr\/blog\/wp-content\/uploads\/2019\/09\/cropped-logo-blog-ned.png","width":484,"height":102,"caption":"Nosenviesdeco.fr"},"image":{"@id":"https:\/\/www.nosenviesdeco.fr\/blog\/#\/schema\/logo\/image\/"},"sameAs":["https:\/\/www.facebook.com\/nosenviesdeco\/","https:\/\/www.instagram.com\/nosenviesdeco.fr\/"]}]}},"_links":{"self":[{"href":"https:\/\/www.nosenviesdeco.fr\/blog\/wp-json\/wp\/v2\/pages\/32443"}],"collection":[{"href":"https:\/\/www.nosenviesdeco.fr\/blog\/wp-json\/wp\/v2\/pages"}],"about":[{"href":"https:\/\/www.nosenviesdeco.fr\/blog\/wp-json\/wp\/v2\/types\/page"}],"author":[{"embeddable":true,"href":"https:\/\/www.nosenviesdeco.fr\/blog\/wp-json\/wp\/v2\/users\/2"}],"replies":[{"embeddable":true,"href":"https:\/\/www.nosenviesdeco.fr\/blog\/wp-json\/wp\/v2\/comments?post=32443"}],"version-history":[{"count":24,"href":"https:\/\/www.nosenviesdeco.fr\/blog\/wp-json\/wp\/v2\/pages\/32443\/revisions"}],"predecessor-version":[{"id":49963,"href":"https:\/\/www.nosenviesdeco.fr\/blog\/wp-json\/wp\/v2\/pages\/32443\/revisions\/49963"}],"wp:attachment":[{"href":"https:\/\/www.nosenviesdeco.fr\/blog\/wp-json\/wp\/v2\/media?parent=32443"}],"curies":[{"name":"wp","href":"https:\/\/api.w.org\/{rel}","templated":true}]}}