{"id":6380,"date":"2019-06-17T11:40:48","date_gmt":"2019-06-17T11:40:48","guid":{"rendered":"https:\/\/www.nosenviesdeco.fr\/blog\/?page_id=6380"},"modified":"2019-09-03T12:18:30","modified_gmt":"2019-09-03T12:18:30","slug":"scenes","status":"publish","type":"page","link":"https:\/\/www.nosenviesdeco.fr\/blog\/scenes\/","title":{"rendered":"Inspirations"},"content":{"rendered":"<p>Vous avez un nouveau <strong>projet<\/strong> pour votre <strong>d\u00e9coration de<\/strong> <strong>maison<\/strong> ?<\/p>\n<p>Les <strong>id\u00e9es<\/strong> fusent, vos <strong>envies<\/strong> d\u00e9bordent, mais vous ne savez pas par o\u00f9 commencer ?<\/p>\n<p>Quel que soit votre <strong>style<\/strong>, vous trouverez des id\u00e9es pour vous projeter avec nos <strong><span style=\"color: #e57775;\">INSPIRATIONS<\/span><\/strong>.<\/p>\n<p>Une salle-\u00e0-manger style industriel, une chambre \u00e0 la d\u00e9co&rsquo; tr\u00e8s douce, une salle de bain pleine de rangements astucieux, un salon moderne, un petit coin cocooning &#8230; M\u00eame les petits loups pourront choisir leur future cabane !<\/p>\n<p>Une immersion totale dans votre projet, o\u00f9 il vous suffira de cliquer sur les <strong>\u00e9l\u00e9ments<\/strong> de votre choix pour les ajouter au panier.<\/p>\n<p>Ne craigniez plus le rendu une fois chez vous, vous serez s\u00fbr de tomber juste !<\/p>\n<p>Nos <strong>sc\u00e8nes<\/strong> sont tri\u00e9es selon le style qu&rsquo;elles \u00e9voquent :<\/p>\n<p>\u2022 <strong>Scandinave<\/strong> : Une d\u00e9coration dynamique et tendance.<br \/>\n\u2022 <strong>Melting-Pot<\/strong> : Du mobilier qui nous fait voyager &#8230;<br \/>\n\u2022 <strong>Industriel<\/strong> : Ambiance r\u00e9tro-factory assur\u00e9e !<br \/>\n\u2022 <strong>Moderne<\/strong> : La rencontre du design et de la sobri\u00e9t\u00e9.<br \/>\n\u2022 <strong>Romantique<\/strong> : Une atmosph\u00e8re douce et rassurante.<br \/>\n\u2022 <strong>Enfants<\/strong> : Un univers de jeux et de douceur pour les aventuriers et les princesses.<\/p>\n<p>&nbsp;<\/p>\n<div class=\"gca-column one-half first\"><p><a href=\"https:\/\/www.nosenviesdeco.fr\/1079-decoration-scandinave\" target=\"_blank\" rel=\"noopener noreferrer\"><img loading=\"lazy\" decoding=\"async\" class=\"alignnone wp-image-49716 size-full\" src=\"https:\/\/www.nosenviesdeco.fr\/blog\/wp-content\/uploads\/2019\/09\/galerie-scandinave.jpg\" alt=\"d\u00e9coration-scandinave\" width=\"500\" height=\"500\" srcset=\"https:\/\/www.nosenviesdeco.fr\/blog\/wp-content\/uploads\/2019\/09\/galerie-scandinave.jpg 500w, https:\/\/www.nosenviesdeco.fr\/blog\/wp-content\/uploads\/2019\/09\/galerie-scandinave-150x150.jpg 150w, https:\/\/www.nosenviesdeco.fr\/blog\/wp-content\/uploads\/2019\/09\/galerie-scandinave-300x300.jpg 300w, https:\/\/www.nosenviesdeco.fr\/blog\/wp-content\/uploads\/2019\/09\/galerie-scandinave-230x230.jpg 230w, https:\/\/www.nosenviesdeco.fr\/blog\/wp-content\/uploads\/2019\/09\/galerie-scandinave-365x365.jpg 365w\" sizes=\"(max-width: 500px) 100vw, 500px\" \/><\/a><\/p><\/div>\n<div class=\"gca-column one-half\"><p><a href=\"https:\/\/www.nosenviesdeco.fr\/scene\/decoration-melting-pot\" target=\"_blank\" rel=\"noopener noreferrer\"><img loading=\"lazy\" decoding=\"async\" class=\"alignnone wp-image-49721 size-full\" src=\"https:\/\/www.nosenviesdeco.fr\/blog\/wp-content\/uploads\/2019\/09\/galerie-melting-pot.jpg\" alt=\"d\u00e9coration-melting-pot\" width=\"500\" height=\"500\" srcset=\"https:\/\/www.nosenviesdeco.fr\/blog\/wp-content\/uploads\/2019\/09\/galerie-melting-pot.jpg 500w, https:\/\/www.nosenviesdeco.fr\/blog\/wp-content\/uploads\/2019\/09\/galerie-melting-pot-150x150.jpg 150w, https:\/\/www.nosenviesdeco.fr\/blog\/wp-content\/uploads\/2019\/09\/galerie-melting-pot-300x300.jpg 300w, https:\/\/www.nosenviesdeco.fr\/blog\/wp-content\/uploads\/2019\/09\/galerie-melting-pot-230x230.jpg 230w, https:\/\/www.nosenviesdeco.fr\/blog\/wp-content\/uploads\/2019\/09\/galerie-melting-pot-365x365.jpg 365w\" sizes=\"(max-width: 500px) 100vw, 500px\" \/><\/a><\/p><\/div>\n<div class=\"gca-column one-half first\"><p><a href=\"https:\/\/www.nosenviesdeco.fr\/scene\/decoration-industrielle\" target=\"_blank\" rel=\"noopener noreferrer\"><img loading=\"lazy\" decoding=\"async\" class=\"alignnone wp-image-49735 size-full\" src=\"https:\/\/www.nosenviesdeco.fr\/blog\/wp-content\/uploads\/2019\/09\/galerie-industriel.jpg\" alt=\"d\u00e9coration-industrielle\" width=\"500\" height=\"500\" srcset=\"https:\/\/www.nosenviesdeco.fr\/blog\/wp-content\/uploads\/2019\/09\/galerie-industriel.jpg 500w, https:\/\/www.nosenviesdeco.fr\/blog\/wp-content\/uploads\/2019\/09\/galerie-industriel-150x150.jpg 150w, https:\/\/www.nosenviesdeco.fr\/blog\/wp-content\/uploads\/2019\/09\/galerie-industriel-300x300.jpg 300w, https:\/\/www.nosenviesdeco.fr\/blog\/wp-content\/uploads\/2019\/09\/galerie-industriel-230x230.jpg 230w, https:\/\/www.nosenviesdeco.fr\/blog\/wp-content\/uploads\/2019\/09\/galerie-industriel-365x365.jpg 365w\" sizes=\"(max-width: 500px) 100vw, 500px\" \/><\/a><\/p><\/div>\n<div class=\"gca-column one-half\"><p><a href=\"https:\/\/www.nosenviesdeco.fr\/scene\/decoration-moderne\" target=\"_blank\" rel=\"noopener noreferrer\"><img loading=\"lazy\" decoding=\"async\" class=\"alignnone wp-image-49744 size-full\" src=\"https:\/\/www.nosenviesdeco.fr\/blog\/wp-content\/uploads\/2019\/09\/galerie-moderne.jpg\" alt=\"d\u00e9coration-moderne\" width=\"500\" height=\"500\" srcset=\"https:\/\/www.nosenviesdeco.fr\/blog\/wp-content\/uploads\/2019\/09\/galerie-moderne.jpg 500w, https:\/\/www.nosenviesdeco.fr\/blog\/wp-content\/uploads\/2019\/09\/galerie-moderne-150x150.jpg 150w, https:\/\/www.nosenviesdeco.fr\/blog\/wp-content\/uploads\/2019\/09\/galerie-moderne-300x300.jpg 300w, https:\/\/www.nosenviesdeco.fr\/blog\/wp-content\/uploads\/2019\/09\/galerie-moderne-230x230.jpg 230w, https:\/\/www.nosenviesdeco.fr\/blog\/wp-content\/uploads\/2019\/09\/galerie-moderne-365x365.jpg 365w\" sizes=\"(max-width: 500px) 100vw, 500px\" \/><\/a><\/p><\/div>\n<div class=\"gca-column one-half first\"><p><a href=\"https:\/\/www.nosenviesdeco.fr\/1077-decoration-romantique\" target=\"_blank\" rel=\"noopener noreferrer\"><img loading=\"lazy\" decoding=\"async\" class=\"alignnone wp-image-49755 size-full\" src=\"https:\/\/www.nosenviesdeco.fr\/blog\/wp-content\/uploads\/2019\/09\/galerie-romantique.jpg\" alt=\"d\u00e9coration-romantique\" width=\"500\" height=\"500\" srcset=\"https:\/\/www.nosenviesdeco.fr\/blog\/wp-content\/uploads\/2019\/09\/galerie-romantique.jpg 500w, https:\/\/www.nosenviesdeco.fr\/blog\/wp-content\/uploads\/2019\/09\/galerie-romantique-150x150.jpg 150w, https:\/\/www.nosenviesdeco.fr\/blog\/wp-content\/uploads\/2019\/09\/galerie-romantique-300x300.jpg 300w, https:\/\/www.nosenviesdeco.fr\/blog\/wp-content\/uploads\/2019\/09\/galerie-romantique-230x230.jpg 230w, https:\/\/www.nosenviesdeco.fr\/blog\/wp-content\/uploads\/2019\/09\/galerie-romantique-365x365.jpg 365w\" sizes=\"(max-width: 500px) 100vw, 500px\" \/><\/a><\/p><\/div>\n<div class=\"gca-column one-half\"><p><img loading=\"lazy\" decoding=\"async\" class=\"alignnone wp-image-49762 size-full\" src=\"https:\/\/www.nosenviesdeco.fr\/blog\/wp-content\/uploads\/2019\/09\/galerie-enfant.jpg\" alt=\"d\u00e9coration-enfant\" width=\"500\" height=\"500\" srcset=\"https:\/\/www.nosenviesdeco.fr\/blog\/wp-content\/uploads\/2019\/09\/galerie-enfant.jpg 500w, https:\/\/www.nosenviesdeco.fr\/blog\/wp-content\/uploads\/2019\/09\/galerie-enfant-150x150.jpg 150w, https:\/\/www.nosenviesdeco.fr\/blog\/wp-content\/uploads\/2019\/09\/galerie-enfant-300x300.jpg 300w, https:\/\/www.nosenviesdeco.fr\/blog\/wp-content\/uploads\/2019\/09\/galerie-enfant-230x230.jpg 230w, https:\/\/www.nosenviesdeco.fr\/blog\/wp-content\/uploads\/2019\/09\/galerie-enfant-365x365.jpg 365w\" sizes=\"(max-width: 500px) 100vw, 500px\" \/><\/p><\/div>\n","protected":false},"excerpt":{"rendered":"<p>Vous avez un nouveau projet pour votre d\u00e9coration de maison ? Les id\u00e9es fusent, vos envies d\u00e9bordent, mais vous ne savez pas par o\u00f9 commencer ? Quel que soit votre style, vous trouverez des id\u00e9es pour vous projeter avec nos<\/p>\n","protected":false},"author":2,"featured_media":0,"parent":0,"menu_order":0,"comment_status":"closed","ping_status":"closed","template":"","meta":{"footnotes":""},"yoast_head":"<!-- This site is optimized with the Yoast SEO plugin v20.4 - https:\/\/yoast.com\/wordpress\/plugins\/seo\/ -->\n<title>Le plein d&#039;inspirations pour vous aider \u00e0 cr\u00e9er votre d\u00e9coration de maison<\/title>\n<meta name=\"description\" content=\"D\u00e9couvrez chaque style prendre vie \u00e0 travers ces sc\u00e8nes. Pens\u00e9es et cr\u00e9es pour vous donner des inspirations et des id\u00e9es pour la d\u00e9coration de la maison.\" \/>\n<meta name=\"robots\" content=\"index, follow, max-snippet:-1, max-image-preview:large, max-video-preview:-1\" \/>\n<link rel=\"canonical\" href=\"https:\/\/www.nosenviesdeco.fr\/blog\/scenes\/\" \/>\n<meta property=\"og:locale\" content=\"fr_FR\" \/>\n<meta property=\"og:type\" content=\"article\" \/>\n<meta property=\"og:title\" content=\"Le plein d&#039;inspirations pour vous aider \u00e0 cr\u00e9er votre d\u00e9coration de maison\" \/>\n<meta property=\"og:description\" content=\"D\u00e9couvrez chaque style prendre vie \u00e0 travers ces sc\u00e8nes. Pens\u00e9es et cr\u00e9es pour vous donner des inspirations et des id\u00e9es pour la d\u00e9coration de la maison.\" \/>\n<meta property=\"og:url\" content=\"https:\/\/www.nosenviesdeco.fr\/blog\/scenes\/\" \/>\n<meta property=\"article:publisher\" content=\"https:\/\/www.facebook.com\/nosenviesdeco\/\" \/>\n<meta property=\"article:modified_time\" content=\"2019-09-03T12:18:30+00:00\" \/>\n<meta property=\"og:image\" content=\"https:\/\/www.nosenviesdeco.fr\/blog\/wp-content\/uploads\/2019\/09\/galerie-scandinave.jpg\" \/>\n<meta name=\"twitter:card\" content=\"summary_large_image\" \/>\n<meta name=\"twitter:label1\" content=\"Dur\u00e9e de lecture estim\u00e9e\" \/>\n\t<meta name=\"twitter:data1\" content=\"1 minute\" \/>\n<script type=\"application\/ld+json\" class=\"yoast-schema-graph\">{\"@context\":\"https:\/\/schema.org\",\"@graph\":[{\"@type\":\"WebPage\",\"@id\":\"https:\/\/www.nosenviesdeco.fr\/blog\/scenes\/\",\"url\":\"https:\/\/www.nosenviesdeco.fr\/blog\/scenes\/\",\"name\":\"Le plein d'inspirations pour vous aider \u00e0 cr\u00e9er votre d\u00e9coration de maison\",\"isPartOf\":{\"@id\":\"https:\/\/www.nosenviesdeco.fr\/blog\/#website\"},\"datePublished\":\"2019-06-17T11:40:48+00:00\",\"dateModified\":\"2019-09-03T12:18:30+00:00\",\"description\":\"D\u00e9couvrez chaque style prendre vie \u00e0 travers ces sc\u00e8nes. Pens\u00e9es et cr\u00e9es pour vous donner des inspirations et des id\u00e9es pour la d\u00e9coration de la maison.\",\"breadcrumb\":{\"@id\":\"https:\/\/www.nosenviesdeco.fr\/blog\/scenes\/#breadcrumb\"},\"inLanguage\":\"fr-FR\",\"potentialAction\":[{\"@type\":\"ReadAction\",\"target\":[\"https:\/\/www.nosenviesdeco.fr\/blog\/scenes\/\"]}]},{\"@type\":\"BreadcrumbList\",\"@id\":\"https:\/\/www.nosenviesdeco.fr\/blog\/scenes\/#breadcrumb\",\"itemListElement\":[{\"@type\":\"ListItem\",\"position\":1,\"name\":\"Accueil\",\"item\":\"https:\/\/www.nosenviesdeco.fr\/blog\/\"},{\"@type\":\"ListItem\",\"position\":2,\"name\":\"Inspirations\"}]},{\"@type\":\"WebSite\",\"@id\":\"https:\/\/www.nosenviesdeco.fr\/blog\/#website\",\"url\":\"https:\/\/www.nosenviesdeco.fr\/blog\/\",\"name\":\"\",\"description\":\"\",\"publisher\":{\"@id\":\"https:\/\/www.nosenviesdeco.fr\/blog\/#organization\"},\"potentialAction\":[{\"@type\":\"SearchAction\",\"target\":{\"@type\":\"EntryPoint\",\"urlTemplate\":\"https:\/\/www.nosenviesdeco.fr\/blog\/?s={search_term_string}\"},\"query-input\":\"required name=search_term_string\"}],\"inLanguage\":\"fr-FR\"},{\"@type\":\"Organization\",\"@id\":\"https:\/\/www.nosenviesdeco.fr\/blog\/#organization\",\"name\":\"Nosenviesdeco.fr\",\"url\":\"https:\/\/www.nosenviesdeco.fr\/blog\/\",\"logo\":{\"@type\":\"ImageObject\",\"inLanguage\":\"fr-FR\",\"@id\":\"https:\/\/www.nosenviesdeco.fr\/blog\/#\/schema\/logo\/image\/\",\"url\":\"https:\/\/www.nosenviesdeco.fr\/blog\/wp-content\/uploads\/2019\/09\/cropped-logo-blog-ned.png\",\"contentUrl\":\"https:\/\/www.nosenviesdeco.fr\/blog\/wp-content\/uploads\/2019\/09\/cropped-logo-blog-ned.png\",\"width\":484,\"height\":102,\"caption\":\"Nosenviesdeco.fr\"},\"image\":{\"@id\":\"https:\/\/www.nosenviesdeco.fr\/blog\/#\/schema\/logo\/image\/\"},\"sameAs\":[\"https:\/\/www.facebook.com\/nosenviesdeco\/\",\"https:\/\/www.instagram.com\/nosenviesdeco.fr\/\"]}]}<\/script>\n<!-- \/ Yoast SEO plugin. -->","yoast_head_json":{"title":"Le plein d'inspirations pour vous aider \u00e0 cr\u00e9er votre d\u00e9coration de maison","description":"D\u00e9couvrez chaque style prendre vie \u00e0 travers ces sc\u00e8nes. Pens\u00e9es et cr\u00e9es pour vous donner des inspirations et des id\u00e9es pour la d\u00e9coration de la maison.","robots":{"index":"index","follow":"follow","max-snippet":"max-snippet:-1","max-image-preview":"max-image-preview:large","max-video-preview":"max-video-preview:-1"},"canonical":"https:\/\/www.nosenviesdeco.fr\/blog\/scenes\/","og_locale":"fr_FR","og_type":"article","og_title":"Le plein d'inspirations pour vous aider \u00e0 cr\u00e9er votre d\u00e9coration de maison","og_description":"D\u00e9couvrez chaque style prendre vie \u00e0 travers ces sc\u00e8nes. Pens\u00e9es et cr\u00e9es pour vous donner des inspirations et des id\u00e9es pour la d\u00e9coration de la maison.","og_url":"https:\/\/www.nosenviesdeco.fr\/blog\/scenes\/","article_publisher":"https:\/\/www.facebook.com\/nosenviesdeco\/","article_modified_time":"2019-09-03T12:18:30+00:00","og_image":[{"url":"https:\/\/www.nosenviesdeco.fr\/blog\/wp-content\/uploads\/2019\/09\/galerie-scandinave.jpg"}],"twitter_card":"summary_large_image","twitter_misc":{"Dur\u00e9e de lecture estim\u00e9e":"1 minute"},"schema":{"@context":"https:\/\/schema.org","@graph":[{"@type":"WebPage","@id":"https:\/\/www.nosenviesdeco.fr\/blog\/scenes\/","url":"https:\/\/www.nosenviesdeco.fr\/blog\/scenes\/","name":"Le plein d'inspirations pour vous aider \u00e0 cr\u00e9er votre d\u00e9coration de maison","isPartOf":{"@id":"https:\/\/www.nosenviesdeco.fr\/blog\/#website"},"datePublished":"2019-06-17T11:40:48+00:00","dateModified":"2019-09-03T12:18:30+00:00","description":"D\u00e9couvrez chaque style prendre vie \u00e0 travers ces sc\u00e8nes. Pens\u00e9es et cr\u00e9es pour vous donner des inspirations et des id\u00e9es pour la d\u00e9coration de la maison.","breadcrumb":{"@id":"https:\/\/www.nosenviesdeco.fr\/blog\/scenes\/#breadcrumb"},"inLanguage":"fr-FR","potentialAction":[{"@type":"ReadAction","target":["https:\/\/www.nosenviesdeco.fr\/blog\/scenes\/"]}]},{"@type":"BreadcrumbList","@id":"https:\/\/www.nosenviesdeco.fr\/blog\/scenes\/#breadcrumb","itemListElement":[{"@type":"ListItem","position":1,"name":"Accueil","item":"https:\/\/www.nosenviesdeco.fr\/blog\/"},{"@type":"ListItem","position":2,"name":"Inspirations"}]},{"@type":"WebSite","@id":"https:\/\/www.nosenviesdeco.fr\/blog\/#website","url":"https:\/\/www.nosenviesdeco.fr\/blog\/","name":"","description":"","publisher":{"@id":"https:\/\/www.nosenviesdeco.fr\/blog\/#organization"},"potentialAction":[{"@type":"SearchAction","target":{"@type":"EntryPoint","urlTemplate":"https:\/\/www.nosenviesdeco.fr\/blog\/?s={search_term_string}"},"query-input":"required name=search_term_string"}],"inLanguage":"fr-FR"},{"@type":"Organization","@id":"https:\/\/www.nosenviesdeco.fr\/blog\/#organization","name":"Nosenviesdeco.fr","url":"https:\/\/www.nosenviesdeco.fr\/blog\/","logo":{"@type":"ImageObject","inLanguage":"fr-FR","@id":"https:\/\/www.nosenviesdeco.fr\/blog\/#\/schema\/logo\/image\/","url":"https:\/\/www.nosenviesdeco.fr\/blog\/wp-content\/uploads\/2019\/09\/cropped-logo-blog-ned.png","contentUrl":"https:\/\/www.nosenviesdeco.fr\/blog\/wp-content\/uploads\/2019\/09\/cropped-logo-blog-ned.png","width":484,"height":102,"caption":"Nosenviesdeco.fr"},"image":{"@id":"https:\/\/www.nosenviesdeco.fr\/blog\/#\/schema\/logo\/image\/"},"sameAs":["https:\/\/www.facebook.com\/nosenviesdeco\/","https:\/\/www.instagram.com\/nosenviesdeco.fr\/"]}]}},"_links":{"self":[{"href":"https:\/\/www.nosenviesdeco.fr\/blog\/wp-json\/wp\/v2\/pages\/6380"}],"collection":[{"href":"https:\/\/www.nosenviesdeco.fr\/blog\/wp-json\/wp\/v2\/pages"}],"about":[{"href":"https:\/\/www.nosenviesdeco.fr\/blog\/wp-json\/wp\/v2\/types\/page"}],"author":[{"embeddable":true,"href":"https:\/\/www.nosenviesdeco.fr\/blog\/wp-json\/wp\/v2\/users\/2"}],"replies":[{"embeddable":true,"href":"https:\/\/www.nosenviesdeco.fr\/blog\/wp-json\/wp\/v2\/comments?post=6380"}],"version-history":[{"count":9,"href":"https:\/\/www.nosenviesdeco.fr\/blog\/wp-json\/wp\/v2\/pages\/6380\/revisions"}],"predecessor-version":[{"id":49923,"href":"https:\/\/www.nosenviesdeco.fr\/blog\/wp-json\/wp\/v2\/pages\/6380\/revisions\/49923"}],"wp:attachment":[{"href":"https:\/\/www.nosenviesdeco.fr\/blog\/wp-json\/wp\/v2\/media?parent=6380"}],"curies":[{"name":"wp","href":"https:\/\/api.w.org\/{rel}","templated":true}]}}